{"id":5540,"date":"2023-12-18T07:51:38","date_gmt":"2023-12-18T06:51:38","guid":{"rendered":"https:\/\/aviacon.eu\/agencja-pracy\/"},"modified":"2024-01-25T10:06:09","modified_gmt":"2024-01-25T09:06:09","slug":"agencja-pracy","status":"publish","type":"page","link":"https:\/\/aviacon.eu\/uk\/agencja-pracy\/","title":{"rendered":"AGENCJA PRACY"},"content":{"rendered":"\t\t<div data-elementor-type=\"wp-page\" data-elementor-id=\"5540\" class=\"elementor elementor-5540\" data-elementor-post-type=\"page\">\n\t\t\t\t<div class=\"elementor-element elementor-element-4777100 e-flex e-con-boxed e-con e-parent\" data-id=\"4777100\" data-element_type=\"container\">\n\t\t\t\t\t<div class=\"e-con-inner\">\n\t\t\t\t<div class=\"elementor-element elementor-element-0af6f54 elementor-widget elementor-widget-image\" data-id=\"0af6f54\" data-element_type=\"widget\" data-widget_type=\"image.default\">\n\t\t\t\t<div class=\"elementor-widget-container\">\n\t\t\t<style>\/*! elementor - v3.23.0 - 25-07-2024 *\/\n.elementor-widget-image{text-align:center}.elementor-widget-image a{display:inline-block}.elementor-widget-image a img[src$=\".svg\"]{width:48px}.elementor-widget-image img{vertical-align:middle;display:inline-block}<\/style>\t\t\t\t\t\t\t\t\t\t<img fetchpriority=\"high\" decoding=\"async\" width=\"800\" height=\"183\" src=\"https:\/\/aviacon.eu\/wp-content\/uploads\/2023\/12\/job-agency-logo.png\" class=\"attachment-large size-large wp-image-630\" alt=\"\" srcset=\"https:\/\/aviacon.eu\/wp-content\/uploads\/2023\/12\/job-agency-logo.png 856w, https:\/\/aviacon.eu\/wp-content\/uploads\/2023\/12\/job-agency-logo-300x69.png 300w, https:\/\/aviacon.eu\/wp-content\/uploads\/2023\/12\/job-agency-logo-768x176.png 768w\" sizes=\"(max-width: 800px) 100vw, 800px\" \/>\t\t\t\t\t\t\t\t\t\t\t\t\t<\/div>\n\t\t\t\t<\/div>\n\t\t\t\t\t<\/div>\n\t\t\t\t<\/div>\n\t\t<div class=\"elementor-element elementor-element-366adb4 e-flex e-con-boxed e-con e-parent\" data-id=\"366adb4\" data-element_type=\"container\">\n\t\t\t\t\t<div class=\"e-con-inner\">\n\t\t<div class=\"elementor-element elementor-element-ecca00f e-con-full e-flex e-con e-child\" data-id=\"ecca00f\" data-element_type=\"container\">\n\t\t\t\t<\/div>\n\t\t<div class=\"elementor-element elementor-element-4e44ad2 e-con-full e-flex e-con e-child\" data-id=\"4e44ad2\" data-element_type=\"container\">\n\t\t\t\t<div class=\"elementor-element elementor-element-56edb49 content-align-cta-default elementor-widget elementor-widget-eael-cta-box\" data-id=\"56edb49\" data-element_type=\"widget\" data-widget_type=\"eael-cta-box.default\">\n\t\t\t\t<div class=\"elementor-widget-container\">\n\t\t\t\t\t<div class=\"eael-call-to-action cta-basic bg-lite cta-preset-1\">\n        <h2 class=\"title\">STREFA PRACODAWCY<\/h2><a href=\"https:\/\/aviacon.eu\/agencja-pracy\/strefa-pracodawcy\/\" class=\"cta-button  \">SPRAWD\u0179<\/a>\t<\/div>\n\t\t\t\t\t\t<\/div>\n\t\t\t\t<\/div>\n\t\t\t\t<\/div>\n\t\t<div class=\"elementor-element elementor-element-901a986 e-con-full e-flex e-con e-child\" data-id=\"901a986\" data-element_type=\"container\">\n\t\t\t\t<\/div>\n\t\t\t\t\t<\/div>\n\t\t\t\t<\/div>\n\t\t<div class=\"elementor-element elementor-element-26d9167 e-flex e-con-boxed e-con e-parent\" data-id=\"26d9167\" data-element_type=\"container\">\n\t\t\t\t\t<div class=\"e-con-inner\">\n\t\t<div class=\"elementor-element elementor-element-a23f61d e-con-full e-flex e-con e-child\" data-id=\"a23f61d\" data-element_type=\"container\">\n\t\t\t\t<\/div>\n\t\t<div class=\"elementor-element elementor-element-1c6b393 e-con-full e-flex e-con e-child\" data-id=\"1c6b393\" data-element_type=\"container\">\n\t\t\t\t<div class=\"elementor-element elementor-element-2973dfd content-align-cta-default elementor-widget elementor-widget-eael-cta-box\" data-id=\"2973dfd\" data-element_type=\"widget\" data-widget_type=\"eael-cta-box.default\">\n\t\t\t\t<div class=\"elementor-widget-container\">\n\t\t\t\t\t<div class=\"eael-call-to-action cta-basic bg-lite cta-preset-1\">\n        <h2 class=\"title\">STREFA PRACOWNIKA<\/h2><a href=\"https:\/\/aviacon.eu\/agencja-pracy\/strefa-pracownika\/\" class=\"cta-button  \">SPRAWD\u0179<\/a>\t<\/div>\n\t\t\t\t\t\t<\/div>\n\t\t\t\t<\/div>\n\t\t\t\t<\/div>\n\t\t<div class=\"elementor-element elementor-element-91132ef e-con-full e-flex e-con e-child\" data-id=\"91132ef\" data-element_type=\"container\">\n\t\t\t\t<\/div>\n\t\t\t\t\t<\/div>\n\t\t\t\t<\/div>\n\t\t<div class=\"elementor-element elementor-element-16e4ee1 e-flex e-con-boxed e-con e-parent\" data-id=\"16e4ee1\" data-element_type=\"container\">\n\t\t\t\t\t<div class=\"e-con-inner\">\n\t\t<div class=\"elementor-element elementor-element-0584a4d e-con-full e-flex e-con e-child\" data-id=\"0584a4d\" data-element_type=\"container\">\n\t\t\t\t<\/div>\n\t\t<div class=\"elementor-element elementor-element-197a161 e-con-full e-flex e-con e-child\" data-id=\"197a161\" data-element_type=\"container\">\n\t\t\t\t<div class=\"elementor-element elementor-element-627714f content-align-cta-default elementor-widget elementor-widget-eael-cta-box\" data-id=\"627714f\" data-element_type=\"widget\" data-widget_type=\"eael-cta-box.default\">\n\t\t\t\t<div class=\"elementor-widget-container\">\n\t\t\t\t\t<div class=\"eael-call-to-action cta-basic bg-lite cta-preset-1\">\n        <h2 class=\"title\">OFERTY PRACY<\/h2><a href=\"https:\/\/aviacon.eu\/pl\/agencja-pracy\/oferta-pracy\/\" class=\"cta-button  \">SPRAWD\u0179<\/a>\t<\/div>\n\t\t\t\t\t\t<\/div>\n\t\t\t\t<\/div>\n\t\t\t\t<\/div>\n\t\t<div class=\"elementor-element elementor-element-fe57bd0 e-con-full e-flex e-con e-child\" data-id=\"fe57bd0\" data-element_type=\"container\">\n\t\t\t\t<\/div>\n\t\t\t\t\t<\/div>\n\t\t\t\t<\/div>\n\t\t\t\t<\/div>\n\t\t","protected":false},"excerpt":{"rendered":"<p>STREFA PRACODAWCY SPRAWD\u0179 STREFA PRACOWNIKA SPRAWD\u0179 OFERTY PRACY SPRAWD\u0179<\/p>\n","protected":false},"author":2,"featured_media":0,"parent":0,"menu_order":0,"comment_status":"closed","ping_status":"closed","template":"","meta":{"inline_featured_image":false,"footnotes":""},"class_list":["post-5540","page","type-page","status-publish","hentry"],"_links":{"self":[{"href":"https:\/\/aviacon.eu\/uk\/wp-json\/wp\/v2\/pages\/5540"}],"collection":[{"href":"https:\/\/aviacon.eu\/uk\/wp-json\/wp\/v2\/pages"}],"about":[{"href":"https:\/\/aviacon.eu\/uk\/wp-json\/wp\/v2\/types\/page"}],"author":[{"embeddable":true,"href":"https:\/\/aviacon.eu\/uk\/wp-json\/wp\/v2\/users\/2"}],"replies":[{"embeddable":true,"href":"https:\/\/aviacon.eu\/uk\/wp-json\/wp\/v2\/comments?post=5540"}],"version-history":[{"count":3,"href":"https:\/\/aviacon.eu\/uk\/wp-json\/wp\/v2\/pages\/5540\/revisions"}],"predecessor-version":[{"id":6378,"href":"https:\/\/aviacon.eu\/uk\/wp-json\/wp\/v2\/pages\/5540\/revisions\/6378"}],"wp:attachment":[{"href":"https:\/\/aviacon.eu\/uk\/wp-json\/wp\/v2\/media?parent=5540"}],"curies":[{"name":"wp","href":"https:\/\/api.w.org\/{rel}","templated":true}]}}