{"id":5516,"date":"2023-12-28T09:24:26","date_gmt":"2023-12-28T08:24:26","guid":{"rendered":"https:\/\/aviacon.eu\/strefa-pracownika-2\/"},"modified":"2024-01-25T07:36:52","modified_gmt":"2024-01-25T06:36:52","slug":"strefa-pracownika","status":"publish","type":"page","link":"https:\/\/aviacon.eu\/uk\/agencja-pracy\/strefa-pracownika\/","title":{"rendered":"Strefa pracownika"},"content":{"rendered":"\t\t<div data-elementor-type=\"wp-page\" data-elementor-id=\"5516\" class=\"elementor elementor-5516\" data-elementor-post-type=\"page\">\n\t\t\t\t<div class=\"elementor-element elementor-element-dd493d9 e-flex e-con-boxed e-con e-parent\" data-id=\"dd493d9\" data-element_type=\"container\" data-settings=\"{&quot;background_background&quot;:&quot;classic&quot;}\">\n\t\t\t\t\t<div class=\"e-con-inner\">\n\t\t\t\t<div class=\"elementor-element elementor-element-53fad32 elementor-widget elementor-widget-elementskit-contact-form7\" data-id=\"53fad32\" data-element_type=\"widget\" data-widget_type=\"elementskit-contact-form7.default\">\n\t\t\t\t<div class=\"elementor-widget-container\">\n\t\t\t<div class=\"ekit-wid-con\" ><div class=\"ekit-form\">\n<div class=\"wpcf7 no-js\" id=\"wpcf7-f5525-o1\" lang=\"uk\" dir=\"ltr\">\n<div class=\"screen-reader-response\"><p role=\"status\" aria-live=\"polite\" aria-atomic=\"true\"><\/p> <ul><\/ul><\/div>\n<form action=\"\/uk\/wp-json\/wp\/v2\/pages\/5516#wpcf7-f5525-o1\" method=\"post\" class=\"wpcf7-form init\" aria-label=\"\u041a\u043e\u043d\u0442\u0430\u043a\u0442\u043d\u0430 \u0444\u043e\u0440\u043c\u0430\" enctype=\"multipart\/form-data\" novalidate=\"novalidate\" data-status=\"init\">\n<div style=\"display: none;\">\n<input type=\"hidden\" name=\"_wpcf7\" value=\"5525\" \/>\n<input type=\"hidden\" name=\"_wpcf7_version\" value=\"5.9.8\" \/>\n<input type=\"hidden\" name=\"_wpcf7_locale\" value=\"uk\" \/>\n<input type=\"hidden\" name=\"_wpcf7_unit_tag\" value=\"wpcf7-f5525-o1\" \/>\n<input type=\"hidden\" name=\"_wpcf7_container_post\" value=\"0\" \/>\n<input type=\"hidden\" name=\"_wpcf7_posted_data_hash\" value=\"\" \/>\n<\/div>\n<div class=\"row no-gutters\">\n\t<div class=\"col-12 col-xl-6\">\n\t\t<p><span class=\"wpcf7-form-control-wrap\" data-name=\"user-name\"><input size=\"40\" maxlength=\"400\" class=\"wpcf7-form-control wpcf7-text wpcf7-validates-as-required form-control\" aria-required=\"true\" aria-invalid=\"false\" placeholder=\"IMI\u0118 I NAZWISKO\" value=\"\" type=\"text\" name=\"user-name\" \/><\/span>\n\t\t<\/p>\n\t<\/div>\n\t<div class=\"col-12 col-xl-6\">\n\t\t<div class=\"form-control\">\n\t\t\t<p><span class=\"wpcf7-form-control-wrap\" data-name=\"cv\"><input size=\"40\" class=\"wpcf7-form-control wpcf7-file wpcf7-validates-as-required form-box-file-input form-box-file-input--translated-pl\" accept=\".pdf,.jpeg,.jpg,.png,.doc,.docx\" aria-required=\"true\" aria-invalid=\"false\" type=\"file\" name=\"cv\" \/><\/span>\n\t\t\t<\/p>\n\t\t<\/div>\n\t<\/div>\n<\/div>\n<div class=\"row no-gutters\">\n\t<div class=\"col-12 col-xl-6\">\n\t\t<p><span class=\"wpcf7-form-control-wrap\" data-name=\"email\"><input size=\"40\" maxlength=\"400\" class=\"wpcf7-form-control wpcf7-email wpcf7-validates-as-required wpcf7-text wpcf7-validates-as-email form-control\" aria-required=\"true\" aria-invalid=\"false\" placeholder=\"ADRES E-MAIL\" value=\"\" type=\"email\" name=\"email\" \/><\/span>\n\t\t<\/p>\n\t<\/div>\n\t<div class=\"col-12 col-xl-6\">\n\t\t<p><span class=\"wpcf7-form-control-wrap\" data-name=\"city\"><input size=\"40\" maxlength=\"400\" class=\"wpcf7-form-control wpcf7-text wpcf7-validates-as-required form-control\" aria-required=\"true\" aria-invalid=\"false\" placeholder=\"MIASTO\" value=\"\" type=\"text\" name=\"city\" \/><\/span>\n\t\t<\/p>\n\t<\/div>\n<\/div>\n<div class=\"row no-gutters\">\n\t<div class=\"col-12 col-xl-6\">\n\t\t<p><span class=\"wpcf7-form-control-wrap\" data-name=\"phone\"><input size=\"40\" maxlength=\"400\" class=\"wpcf7-form-control wpcf7-tel wpcf7-validates-as-required wpcf7-text wpcf7-validates-as-tel form-control\" aria-required=\"true\" aria-invalid=\"false\" placeholder=\"NUMER TELEFONU\" value=\"\" type=\"tel\" name=\"phone\" \/><\/span>\n\t\t<\/p>\n\t<\/div>\n\t<div class=\"col-12 col-xl-6\">\n\t\t<p><span class=\"wpcf7-form-control-wrap\" data-name=\"country\"><input size=\"40\" maxlength=\"400\" class=\"wpcf7-form-control wpcf7-text wpcf7-validates-as-required form-control\" aria-required=\"true\" aria-invalid=\"false\" placeholder=\"KRAJ\" value=\"\" type=\"text\" name=\"country\" \/><\/span>\n\t\t<\/p>\n\t<\/div>\n<\/div>\n<div class=\"row no-gutters form-checkbox-wrapper\">\n\t<div class=\"col-12\">\n\t\t<p><span class=\"wpcf7-form-control-wrap\" data-name=\"rodo-accept\"><span class=\"wpcf7-form-control wpcf7-acceptance\"><span class=\"wpcf7-list-item\"><label><input type=\"checkbox\" name=\"rodo-accept\" value=\"1\" aria-invalid=\"false\" \/><span class=\"wpcf7-list-item-label\">Klikaj\u0105c w przycisk wy\u015blij lub w inny spos\u00f3b wysy\u0142aj\u0105c zg\u0142oszenie rekrutacyjne zgadzasz si\u0119 na przetwarzanie Twoich danych osobowych. Informujemy, \u017ce Administratorem Pani\/Pana danych osobowych jest Aviacon-V Sp. z o.o. z siedzib\u0105 w Lublinie przy ul. Ceramicznej 1 lok. 3\/04. W ka\u017cdym czasie mo\u017cesz cofn\u0105\u0107 zgod\u0119 kontaktuj\u0105c si\u0119 z nami pod adresem e-mail: work@aviacon.eu  Pe\u0142n\u0105 informacj\u0119 odno\u015bnie przetwarzania Twoich danych osobowych mo\u017cesz przeczyta\u0107 <a href=\"\/wp-content\/uploads\/2022\/03\/zgody_pl.pdf\" target=\"_blank\">tutaj<\/a>.<\/span><\/label><\/span><\/span><\/span>\n\t\t<\/p>\n\t<\/div>\n<\/div>\n<p><input class=\"wpcf7-form-control wpcf7-submit has-spinner btn\" type=\"submit\" value=\"WY\u015aLIJ\" \/>\n<\/p><div class=\"wpcf7-response-output\" aria-hidden=\"true\"><\/div>\n<\/form>\n<\/div>\n<\/div><\/div>\t\t<\/div>\n\t\t\t\t<\/div>\n\t\t\t\t\t<\/div>\n\t\t\t\t<\/div>\n\t\t\t\t<\/div>\n\t\t","protected":false},"excerpt":{"rendered":"<p>Klikaj\u0105c w przycisk wy\u015blij lub w inny spos\u00f3b wysy\u0142aj\u0105c zg\u0142oszenie rekrutacyjne zgadzasz si\u0119 na przetwarzanie Twoich danych osobowych. Informujemy, \u017ce Administratorem Pani\/Pana danych osobowych jest Aviacon-V Sp. z o.o. z siedzib\u0105 w Lublinie przy ul. Ceramicznej 1 lok. 3\/04. W ka\u017cdym czasie mo\u017cesz cofn\u0105\u0107 zgod\u0119 kontaktuj\u0105c si\u0119 z nami pod adresem e-mail: work@aviacon.eu Pe\u0142n\u0105 informacj\u0119 [&hellip;]<\/p>\n","protected":false},"author":2,"featured_media":0,"parent":5540,"menu_order":0,"comment_status":"closed","ping_status":"closed","template":"","meta":{"inline_featured_image":false,"footnotes":""},"class_list":["post-5516","page","type-page","status-publish","hentry"],"_links":{"self":[{"href":"https:\/\/aviacon.eu\/uk\/wp-json\/wp\/v2\/pages\/5516"}],"collection":[{"href":"https:\/\/aviacon.eu\/uk\/wp-json\/wp\/v2\/pages"}],"about":[{"href":"https:\/\/aviacon.eu\/uk\/wp-json\/wp\/v2\/types\/page"}],"author":[{"embeddable":true,"href":"https:\/\/aviacon.eu\/uk\/wp-json\/wp\/v2\/users\/2"}],"replies":[{"embeddable":true,"href":"https:\/\/aviacon.eu\/uk\/wp-json\/wp\/v2\/comments?post=5516"}],"version-history":[{"count":3,"href":"https:\/\/aviacon.eu\/uk\/wp-json\/wp\/v2\/pages\/5516\/revisions"}],"predecessor-version":[{"id":6298,"href":"https:\/\/aviacon.eu\/uk\/wp-json\/wp\/v2\/pages\/5516\/revisions\/6298"}],"up":[{"embeddable":true,"href":"https:\/\/aviacon.eu\/uk\/wp-json\/wp\/v2\/pages\/5540"}],"wp:attachment":[{"href":"https:\/\/aviacon.eu\/uk\/wp-json\/wp\/v2\/media?parent=5516"}],"curies":[{"name":"wp","href":"https:\/\/api.w.org\/{rel}","templated":true}]}}