{"id":5506,"date":"2023-12-28T09:27:45","date_gmt":"2023-12-28T08:27:45","guid":{"rendered":"https:\/\/aviacon.eu\/oferta-pracy-2\/"},"modified":"2023-12-28T09:27:45","modified_gmt":"2023-12-28T08:27:45","slug":"oferta-pracy","status":"publish","type":"page","link":"https:\/\/aviacon.eu\/uk\/oferta-pracy\/","title":{"rendered":"Oferty pracy"},"content":{"rendered":"\t\t<div data-elementor-type=\"wp-page\" data-elementor-id=\"5506\" class=\"elementor elementor-5506\" data-elementor-post-type=\"page\">\n\t\t\t\t<div class=\"elementor-element elementor-element-c7d660c e-flex e-con-boxed e-con e-parent\" data-id=\"c7d660c\" data-element_type=\"container\" data-settings=\"{&quot;background_background&quot;:&quot;classic&quot;}\">\n\t\t\t\t\t<div class=\"e-con-inner\">\n\t\t\t\t<div class=\"elementor-element elementor-element-d8735bb elementor-widget elementor-widget-heading\" data-id=\"d8735bb\" data-element_type=\"widget\" data-widget_type=\"heading.default\">\n\t\t\t\t<div class=\"elementor-widget-container\">\n\t\t\t<style>\/*! elementor - v3.23.0 - 25-07-2024 *\/\n.elementor-heading-title{padding:0;margin:0;line-height:1}.elementor-widget-heading .elementor-heading-title[class*=elementor-size-]>a{color:inherit;font-size:inherit;line-height:inherit}.elementor-widget-heading .elementor-heading-title.elementor-size-small{font-size:15px}.elementor-widget-heading .elementor-heading-title.elementor-size-medium{font-size:19px}.elementor-widget-heading .elementor-heading-title.elementor-size-large{font-size:29px}.elementor-widget-heading .elementor-heading-title.elementor-size-xl{font-size:39px}.elementor-widget-heading .elementor-heading-title.elementor-size-xxl{font-size:59px}<\/style><h2 class=\"elementor-heading-title elementor-size-default\">Pracownik lotniska<\/h2>\t\t<\/div>\n\t\t\t\t<\/div>\n\t\t\t\t\t<\/div>\n\t\t\t\t<\/div>\n\t\t<div class=\"elementor-element elementor-element-bdc6a7d e-flex e-con-boxed e-con e-parent\" data-id=\"bdc6a7d\" data-element_type=\"container\" data-settings=\"{&quot;background_background&quot;:&quot;classic&quot;}\">\n\t\t\t\t\t<div class=\"e-con-inner\">\n\t\t<div class=\"elementor-element elementor-element-ac54e6a e-con-full e-flex e-con e-child\" data-id=\"ac54e6a\" data-element_type=\"container\" data-settings=\"{&quot;background_background&quot;:&quot;classic&quot;}\">\n\t\t\t\t<div class=\"elementor-element elementor-element-aa03f8a elementor-widget elementor-widget-heading\" data-id=\"aa03f8a\" data-element_type=\"widget\" data-widget_type=\"heading.default\">\n\t\t\t\t<div class=\"elementor-widget-container\">\n\t\t\t<div class=\"elementor-heading-title elementor-size-default\">BRAN\u017bA<\/div>\t\t<\/div>\n\t\t\t\t<\/div>\n\t\t\t\t<div class=\"elementor-element elementor-element-dae6bf3 elementor-widget elementor-widget-text-editor\" data-id=\"dae6bf3\" data-element_type=\"widget\" data-widget_type=\"text-editor.default\">\n\t\t\t\t<div class=\"elementor-widget-container\">\n\t\t\t<style>\/*! elementor - v3.23.0 - 25-07-2024 *\/\n.elementor-widget-text-editor.elementor-drop-cap-view-stacked .elementor-drop-cap{background-color:#69727d;color:#fff}.elementor-widget-text-editor.elementor-drop-cap-view-framed .elementor-drop-cap{color:#69727d;border:3px solid;background-color:transparent}.elementor-widget-text-editor:not(.elementor-drop-cap-view-default) .elementor-drop-cap{margin-top:8px}.elementor-widget-text-editor:not(.elementor-drop-cap-view-default) .elementor-drop-cap-letter{width:1em;height:1em}.elementor-widget-text-editor .elementor-drop-cap{float:left;text-align:center;line-height:1;font-size:50px}.elementor-widget-text-editor .elementor-drop-cap-letter{display:inline-block}<\/style>\t\t\t\t<p>LOTNICTWO<\/p>\t\t\t\t\t\t<\/div>\n\t\t\t\t<\/div>\n\t\t\t\t<div class=\"elementor-element elementor-element-e0f4c17 elementor-widget-divider--view-line elementor-widget elementor-widget-divider\" data-id=\"e0f4c17\" data-element_type=\"widget\" data-widget_type=\"divider.default\">\n\t\t\t\t<div class=\"elementor-widget-container\">\n\t\t\t<style>\/*! elementor - v3.23.0 - 25-07-2024 *\/\n.elementor-widget-divider{--divider-border-style:none;--divider-border-width:1px;--divider-color:#0c0d0e;--divider-icon-size:20px;--divider-element-spacing:10px;--divider-pattern-height:24px;--divider-pattern-size:20px;--divider-pattern-url:none;--divider-pattern-repeat:repeat-x}.elementor-widget-divider .elementor-divider{display:flex}.elementor-widget-divider .elementor-divider__text{font-size:15px;line-height:1;max-width:95%}.elementor-widget-divider .elementor-divider__element{margin:0 var(--divider-element-spacing);flex-shrink:0}.elementor-widget-divider .elementor-icon{font-size:var(--divider-icon-size)}.elementor-widget-divider .elementor-divider-separator{display:flex;margin:0;direction:ltr}.elementor-widget-divider--view-line_icon .elementor-divider-separator,.elementor-widget-divider--view-line_text .elementor-divider-separator{align-items:center}.elementor-widget-divider--view-line_icon .elementor-divider-separator:after,.elementor-widget-divider--view-line_icon .elementor-divider-separator:before,.elementor-widget-divider--view-line_text .elementor-divider-separator:after,.elementor-widget-divider--view-line_text .elementor-divider-separator:before{display:block;content:\"\";border-block-end:0;flex-grow:1;border-block-start:var(--divider-border-width) var(--divider-border-style) var(--divider-color)}.elementor-widget-divider--element-align-left .elementor-divider .elementor-divider-separator>.elementor-divider__svg:first-of-type{flex-grow:0;flex-shrink:100}.elementor-widget-divider--element-align-left .elementor-divider-separator:before{content:none}.elementor-widget-divider--element-align-left .elementor-divider__element{margin-left:0}.elementor-widget-divider--element-align-right .elementor-divider .elementor-divider-separator>.elementor-divider__svg:last-of-type{flex-grow:0;flex-shrink:100}.elementor-widget-divider--element-align-right .elementor-divider-separator:after{content:none}.elementor-widget-divider--element-align-right .elementor-divider__element{margin-right:0}.elementor-widget-divider--element-align-start .elementor-divider .elementor-divider-separator>.elementor-divider__svg:first-of-type{flex-grow:0;flex-shrink:100}.elementor-widget-divider--element-align-start .elementor-divider-separator:before{content:none}.elementor-widget-divider--element-align-start .elementor-divider__element{margin-inline-start:0}.elementor-widget-divider--element-align-end .elementor-divider .elementor-divider-separator>.elementor-divider__svg:last-of-type{flex-grow:0;flex-shrink:100}.elementor-widget-divider--element-align-end .elementor-divider-separator:after{content:none}.elementor-widget-divider--element-align-end .elementor-divider__element{margin-inline-end:0}.elementor-widget-divider:not(.elementor-widget-divider--view-line_text):not(.elementor-widget-divider--view-line_icon) .elementor-divider-separator{border-block-start:var(--divider-border-width) var(--divider-border-style) var(--divider-color)}.elementor-widget-divider--separator-type-pattern{--divider-border-style:none}.elementor-widget-divider--separator-type-pattern.elementor-widget-divider--view-line .elementor-divider-separator,.elementor-widget-divider--separator-type-pattern:not(.elementor-widget-divider--view-line) .elementor-divider-separator:after,.elementor-widget-divider--separator-type-pattern:not(.elementor-widget-divider--view-line) .elementor-divider-separator:before,.elementor-widget-divider--separator-type-pattern:not([class*=elementor-widget-divider--view]) .elementor-divider-separator{width:100%;min-height:var(--divider-pattern-height);-webkit-mask-size:var(--divider-pattern-size) 100%;mask-size:var(--divider-pattern-size) 100%;-webkit-mask-repeat:var(--divider-pattern-repeat);mask-repeat:var(--divider-pattern-repeat);background-color:var(--divider-color);-webkit-mask-image:var(--divider-pattern-url);mask-image:var(--divider-pattern-url)}.elementor-widget-divider--no-spacing{--divider-pattern-size:auto}.elementor-widget-divider--bg-round{--divider-pattern-repeat:round}.rtl .elementor-widget-divider .elementor-divider__text{direction:rtl}.e-con-inner>.elementor-widget-divider,.e-con>.elementor-widget-divider{width:var(--container-widget-width,100%);--flex-grow:var(--container-widget-flex-grow)}<\/style>\t\t<div class=\"elementor-divider\">\n\t\t\t<span class=\"elementor-divider-separator\">\n\t\t\t\t\t\t<\/span>\n\t\t<\/div>\n\t\t\t\t<\/div>\n\t\t\t\t<\/div>\n\t\t\t\t<div class=\"elementor-element elementor-element-c7c1b4d elementor-widget elementor-widget-heading\" data-id=\"c7c1b4d\" data-element_type=\"widget\" data-widget_type=\"heading.default\">\n\t\t\t\t<div class=\"elementor-widget-container\">\n\t\t\t<div class=\"elementor-heading-title elementor-size-default\">MIASTO<\/div>\t\t<\/div>\n\t\t\t\t<\/div>\n\t\t\t\t<div class=\"elementor-element elementor-element-6392e6f elementor-widget elementor-widget-text-editor\" data-id=\"6392e6f\" data-element_type=\"widget\" data-widget_type=\"text-editor.default\">\n\t\t\t\t<div class=\"elementor-widget-container\">\n\t\t\t\t\t\t\t<p>FRANKFURT NAD MENEM<\/p>\t\t\t\t\t\t<\/div>\n\t\t\t\t<\/div>\n\t\t\t\t<div class=\"elementor-element elementor-element-62258cd elementor-widget-divider--view-line elementor-widget elementor-widget-divider\" data-id=\"62258cd\" data-element_type=\"widget\" data-widget_type=\"divider.default\">\n\t\t\t\t<div class=\"elementor-widget-container\">\n\t\t\t\t\t<div class=\"elementor-divider\">\n\t\t\t<span class=\"elementor-divider-separator\">\n\t\t\t\t\t\t<\/span>\n\t\t<\/div>\n\t\t\t\t<\/div>\n\t\t\t\t<\/div>\n\t\t\t\t<div class=\"elementor-element elementor-element-f8877b7 elementor-widget elementor-widget-heading\" data-id=\"f8877b7\" data-element_type=\"widget\" data-widget_type=\"heading.default\">\n\t\t\t\t<div class=\"elementor-widget-container\">\n\t\t\t<div class=\"elementor-heading-title elementor-size-default\">KRAJ<\/div>\t\t<\/div>\n\t\t\t\t<\/div>\n\t\t\t\t<div class=\"elementor-element elementor-element-2e36966 elementor-widget elementor-widget-text-editor\" data-id=\"2e36966\" data-element_type=\"widget\" data-widget_type=\"text-editor.default\">\n\t\t\t\t<div class=\"elementor-widget-container\">\n\t\t\t\t\t\t\t<p>NIEMCY<\/p>\t\t\t\t\t\t<\/div>\n\t\t\t\t<\/div>\n\t\t\t\t<div class=\"elementor-element elementor-element-93bd1b5 elementor-widget-divider--view-line elementor-widget elementor-widget-divider\" data-id=\"93bd1b5\" data-element_type=\"widget\" data-widget_type=\"divider.default\">\n\t\t\t\t<div class=\"elementor-widget-container\">\n\t\t\t\t\t<div class=\"elementor-divider\">\n\t\t\t<span class=\"elementor-divider-separator\">\n\t\t\t\t\t\t<\/span>\n\t\t<\/div>\n\t\t\t\t<\/div>\n\t\t\t\t<\/div>\n\t\t\t\t<div class=\"elementor-element elementor-element-661dd15 elementor-widget elementor-widget-heading\" data-id=\"661dd15\" data-element_type=\"widget\" data-widget_type=\"heading.default\">\n\t\t\t\t<div class=\"elementor-widget-container\">\n\t\t\t<div class=\"elementor-heading-title elementor-size-default\">DATA DODANIA<\/div>\t\t<\/div>\n\t\t\t\t<\/div>\n\t\t\t\t<div class=\"elementor-element elementor-element-9798582 elementor-widget elementor-widget-text-editor\" data-id=\"9798582\" data-element_type=\"widget\" data-widget_type=\"text-editor.default\">\n\t\t\t\t<div class=\"elementor-widget-container\">\n\t\t\t\t\t\t\t<p>13 LISTOPADA 2023<\/p>\t\t\t\t\t\t<\/div>\n\t\t\t\t<\/div>\n\t\t\t\t<div class=\"elementor-element elementor-element-b83b61d elementor-widget-divider--view-line elementor-widget elementor-widget-divider\" data-id=\"b83b61d\" data-element_type=\"widget\" data-widget_type=\"divider.default\">\n\t\t\t\t<div class=\"elementor-widget-container\">\n\t\t\t\t\t<div class=\"elementor-divider\">\n\t\t\t<span class=\"elementor-divider-separator\">\n\t\t\t\t\t\t<\/span>\n\t\t<\/div>\n\t\t\t\t<\/div>\n\t\t\t\t<\/div>\n\t\t\t\t<div class=\"elementor-element elementor-element-eb98d4a elementor-align-center elementor-widget elementor-widget-button\" data-id=\"eb98d4a\" data-element_type=\"widget\" data-widget_type=\"button.default\">\n\t\t\t\t<div class=\"elementor-widget-container\">\n\t\t\t\t\t<div class=\"elementor-button-wrapper\">\n\t\t\t<a class=\"elementor-button elementor-button-link elementor-size-lg\" href=\"https:\/\/www.butterfly-training.pl\/szkolenia-online-dangerous-goods-regulations-dgr\/\">\n\t\t\t\t\t\t<span class=\"elementor-button-content-wrapper\">\n\t\t\t\t\t\t\t\t\t<span class=\"elementor-button-text\">APLIKUJ<\/span>\n\t\t\t\t\t<\/span>\n\t\t\t\t\t<\/a>\n\t\t<\/div>\n\t\t\t\t<\/div>\n\t\t\t\t<\/div>\n\t\t\t\t<\/div>\n\t\t<div class=\"elementor-element elementor-element-25c5a06 e-con-full e-flex e-con e-child\" data-id=\"25c5a06\" data-element_type=\"container\" data-settings=\"{&quot;background_background&quot;:&quot;classic&quot;}\">\n\t\t\t\t<div class=\"elementor-element elementor-element-f3f8382 elementor-widget elementor-widget-text-editor\" data-id=\"f3f8382\" data-element_type=\"widget\" data-widget_type=\"text-editor.default\">\n\t\t\t\t<div class=\"elementor-widget-container\">\n\t\t\t\t\t\t\t<h2 class=\"job-offer__description__title\">OPIS STANOWISKA<\/h2><div class=\"job-offer__description\" data-collapse=\"collapse-content\"><p><strong>Najwa\u017cniejsze informacje<\/strong><br \/><strong>Miejsce pracy:<\/strong>\u00a0Frankfurt nad Menem, Niemcy<br \/><strong>Umowa:<\/strong>\u00a0Umowa o prac\u0119 na pe\u0142en etat na czas nieokre\u015blony (umowa niemiecka)<br \/><strong>Harmonogram pracy:<\/strong>\u00a03 zmiany \u2013 praca w godzinach 3.00 \u2013 24.00<br \/><strong>Wynagrodzenie:<\/strong>\u00a014,18\u20ac \/ h brutto przez pierwsze 6 miesi\u0119cy. Od 01.03.2024 \u2013 16,37\u20ac brutto \/ h + dodatki. Po 6 miesi\u0105cach pracy \u2013 podwy\u017cka do 16,72\u20ac\/h brutto.<\/p><p><strong>Zakres obowi\u0105zk\u00f3w:<\/strong><br \/>\u2022 Za\u0142adunek i roz\u0142adunek baga\u017cu z samolot\u00f3w<br \/>\u2022 Transport baga\u017cu na terenie lotniska za pomoc\u0105 specjalistycznego sprz\u0119tu<br \/>\u2022 Przew\u00f3z i roz\u0142adunek baga\u017cu na ta\u015bm\u0119 baga\u017cow\u0105 do odbioru przez pasa\u017cer\u00f3w.<br \/>\u2022 Obs\u0142uga towar\u00f3w niebezpiecznych<br \/>\u2022 Sortowanie baga\u017cu<\/p><p><strong>To oferujemy:<\/strong><br \/>\u2022 Dodatki do stawki godzinowej w wysoko\u015bci: +25% zmiana nocna, + 50% za prac\u0119 w niedziele, + 125% za prac\u0119 w dni \u015bwi\u0105teczne.<br \/>\u2022 Umowa o prac\u0119 na ca\u0142y etat, na czas nieokre\u015blony bezpo\u015brednio z niemieckim pracodawc\u0105<br \/>\u2022 Mo\u017cliwo\u015b\u0107 pracy w nadgodzinach<br \/>\u2022 Zapewnione zakwaterowanie w pokojach jednoosobowych<br \/>\u2022 Bezp\u0142atne szkolenia niezb\u0119dne do pracy na terenie lotniska<br \/>\u2022 Job ticket \u2013 ta\u0144sze tankowanie, ta\u0144sze jedzenie na lotnisku, bezp\u0142atny bilet komunikacji miejskiej itp.<br \/>\u2022 Dodatek relokacyjny w wysoko\u015bci 1000\u20ac netto<br \/>\u2022 Od 24 do 30 dni p\u0142atnego urlopu (w zale\u017cno\u015bci od sta\u017cu pracy)<br \/>\u2022 800\u20ac dodatku urlopowego<br \/>\u2022 Bezp\u0142atne miejsca parkingowe wraz z ubraniem roboczym<br \/>\u2022 Pomoc w przygotowaniu niezb\u0119dnych dokument\u00f3w, organizacji wyjazdu oraz opieka koordynatora<\/p><p><strong>Wymagania:<\/strong><br \/>\u2022 Gotowo\u015b\u0107 do udzia\u0142u w kursie j. niemieckiego online (6-12 tygodni). Stypendium za udzia\u0142 to 1000\u20ac netto miesi\u0119cznie. Start kursu 11.12.2023 r.<br \/>\u2022 Za\u015bwiadczenie o niekaralno\u015bci<br \/>\u2022 Prawo jazdy kat. B \u2013 samoch\u00f3d nie jest wymagany<br \/>\u2022 Udokumentowana ci\u0105g\u0142o\u015b\u0107 zawodowa z ostatnich 5 lat<br \/>\u2022 Sprawno\u015b\u0107 fizyczna oraz gotowo\u015b\u0107 do pracy w systemie zmianowym, w \u015bwi\u0119ta i w weekendy.<\/p><p><strong>Pozosta\u0142e informacje:<\/strong><br \/>Kursy j\u0119zykowe rozpoczynaj\u0105 si\u0119 co miesi\u0105c i trwaj\u0105 od 6 do 12 tygodni (w zale\u017cno\u015bci od poziomu znajomo\u015bci j. niemieckiego). Kurs j. niemieckiego jest bezp\u0142atny, odbywa si\u0119 w formie zdalnej z domu, w wymiarze 2 godzin dziennie od poniedzia\u0142ku do pi\u0105tku. Jest on bezp\u0142atny i zako\u0144czony egzaminem na poziomie A2. W czasie trwania kursu wyp\u0142acane jest wynagrodzenie w wysoko\u015bci 1000\u20ac netto miesi\u0119cznie. Po zdanym egzaminie nast\u0119puje wyjazd do Niemiec, podpisanie umowy i rozpocz\u0119cie pracy.<br \/>\u2022 Dodatek relokacyjny w wysoko\u015bci 1000\u20ac jest wyp\u0142acany w 4 transzach po 250\u20ac. Pierwsza wyp\u0142ata nast\u0119puje po pierwszym dniu pracy.<br \/>\u2022 Koszt wynajmu to 750-850\u20ac miesi\u0119cznie w zale\u017cno\u015bci od lokalizacji obiektu. Pok\u00f3j jednoosobowy wynajmowany jest bezpo\u015brednio od pracodawcy, kt\u00f3ry przez pierwsze 12 miesi\u0119cy dop\u0142aca 300\u20ac do wynajmu.<\/p><\/div>\t\t\t\t\t\t<\/div>\n\t\t\t\t<\/div>\n\t\t\t\t<\/div>\n\t\t\t\t\t<\/div>\n\t\t\t\t<\/div>\n\t\t\t\t<\/div>\n\t\t","protected":false},"excerpt":{"rendered":"<p>Pracownik lotniska BRAN\u017bA LOTNICTWO MIASTO FRANKFURT NAD MENEM KRAJ NIEMCY DATA DODANIA 13 LISTOPADA 2023 APLIKUJ OPIS STANOWISKA Najwa\u017cniejsze informacjeMiejsce pracy:\u00a0Frankfurt nad Menem, NiemcyUmowa:\u00a0Umowa o prac\u0119 na pe\u0142en etat na czas nieokre\u015blony (umowa niemiecka)Harmonogram pracy:\u00a03 zmiany \u2013 praca w godzinach 3.00 \u2013 24.00Wynagrodzenie:\u00a014,18\u20ac \/ h brutto przez pierwsze 6 miesi\u0119cy. Od 01.03.2024 \u2013 16,37\u20ac brutto [&hellip;]<\/p>\n","protected":false},"author":2,"featured_media":0,"parent":0,"menu_order":0,"comment_status":"closed","ping_status":"closed","template":"","meta":{"inline_featured_image":false,"footnotes":""},"class_list":["post-5506","page","type-page","status-publish","hentry"],"_links":{"self":[{"href":"https:\/\/aviacon.eu\/uk\/wp-json\/wp\/v2\/pages\/5506"}],"collection":[{"href":"https:\/\/aviacon.eu\/uk\/wp-json\/wp\/v2\/pages"}],"about":[{"href":"https:\/\/aviacon.eu\/uk\/wp-json\/wp\/v2\/types\/page"}],"author":[{"embeddable":true,"href":"https:\/\/aviacon.eu\/uk\/wp-json\/wp\/v2\/users\/2"}],"replies":[{"embeddable":true,"href":"https:\/\/aviacon.eu\/uk\/wp-json\/wp\/v2\/comments?post=5506"}],"version-history":[{"count":0,"href":"https:\/\/aviacon.eu\/uk\/wp-json\/wp\/v2\/pages\/5506\/revisions"}],"wp:attachment":[{"href":"https:\/\/aviacon.eu\/uk\/wp-json\/wp\/v2\/media?parent=5506"}],"curies":[{"name":"wp","href":"https:\/\/api.w.org\/{rel}","templated":true}]}}