{"id":5496,"date":"2024-01-04T07:29:44","date_gmt":"2024-01-04T06:29:44","guid":{"rendered":"https:\/\/aviacon.eu\/safety-management-system-sms\/"},"modified":"2024-01-04T07:29:44","modified_gmt":"2024-01-04T06:29:44","slug":"safety-management-system-sms","status":"publish","type":"page","link":"https:\/\/aviacon.eu\/uk\/safety-management-system-sms\/","title":{"rendered":"SAFETY MANAGEMENT SYSTEM (SMS)SYSTEM ZARZ\u0104DZANIA BEZPIECZE\u0143STWEM"},"content":{"rendered":"\t\t<div data-elementor-type=\"wp-page\" data-elementor-id=\"5496\" class=\"elementor elementor-5496\" data-elementor-post-type=\"page\">\n\t\t\t\t<div class=\"elementor-element elementor-element-877f2f9 e-flex e-con-boxed e-con e-parent\" data-id=\"877f2f9\" data-element_type=\"container\">\n\t\t\t\t\t<div class=\"e-con-inner\">\n\t\t\t\t<div class=\"elementor-element elementor-element-96bb521 elementor-widget elementor-widget-text-editor\" data-id=\"96bb521\" data-element_type=\"widget\" data-widget_type=\"text-editor.default\">\n\t\t\t\t<div class=\"elementor-widget-container\">\n\t\t\t<style>\/*! elementor - v3.23.0 - 25-07-2024 *\/\n.elementor-widget-text-editor.elementor-drop-cap-view-stacked .elementor-drop-cap{background-color:#69727d;color:#fff}.elementor-widget-text-editor.elementor-drop-cap-view-framed .elementor-drop-cap{color:#69727d;border:3px solid;background-color:transparent}.elementor-widget-text-editor:not(.elementor-drop-cap-view-default) .elementor-drop-cap{margin-top:8px}.elementor-widget-text-editor:not(.elementor-drop-cap-view-default) .elementor-drop-cap-letter{width:1em;height:1em}.elementor-widget-text-editor .elementor-drop-cap{float:left;text-align:center;line-height:1;font-size:50px}.elementor-widget-text-editor .elementor-drop-cap-letter{display:inline-block}<\/style>\t\t\t\t<p>Szkolenie skierowane jest dla pracownik\u00f3w port\u00f3w lotniczych, operator\u00f3w lotniczych, zatwierdzonych organizacji szkoleniowych, organizacji z zakresu zapewnienia zdatno\u015bci do lotu, organizacji obs\u0142ugi technicznej, u\u017cytkownik\u00f3w statk\u00f3w powietrznych, firm handlingowych, podmiot\u00f3w zewn\u0119trznych \u015bwiadcz\u0105cych us\u0142ugi na terenie port\u00f3w lotniczych.<\/p><p>Szkolenie ma na celu przybli\u017cenie wiedzy z zakresu: zarz\u0105dzania bezpiecze\u0144stwem w organizacji, zwi\u0119kszenia \u015bwiadomo\u015bci, budowania bezpiecznej struktury w organizacji, tworzenia polityki bezpiecze\u0144stwa, tworzenia funkcjonalnych procedur, monitorowania zagro\u017ce\u0144, zg\u0142aszania zdarze\u0144, zarz\u0105dzania ryzykiem, podejmowania \u015brodk\u00f3w zaradczych oraz konieczno\u015bci wdra\u017cania SMS w organizacjach.<\/p><p>\u00a0<\/p><p>Szkolenie odbywa si\u0119 w formie interaktywnej.<\/p><p>Po zako\u0144czeniu szkolenia i uzyskaniu pozytywnego wyniku z egzaminu uczestnicy szkolenia otrzymuj\u0105 certyfikat.<\/p><p>Aviation Consulting we wsp\u00f3\u0142pracy z Butterfly Training, przygotowa\u0142a dla Pa\u0144stwa szkolenie Safety Management System r\u00f3wnie\u017c w wersji e-learningowej.<\/p><p><a href=\"https:\/\/www.butterfly-training.pl\/\">https:\/\/www.butterfly-training.pl\/<\/a><\/p><p>Chcesz otrzyma\u0107 wi\u0119cej szczeg\u00f3\u0142\u00f3w? Napisz do nas! szkolenia@aviacon.pl<\/p>\t\t\t\t\t\t<\/div>\n\t\t\t\t<\/div>\n\t\t\t\t\t<\/div>\n\t\t\t\t<\/div>\n\t\t\t\t<\/div>\n\t\t","protected":false},"excerpt":{"rendered":"<p>Szkolenie skierowane jest dla pracownik\u00f3w port\u00f3w lotniczych, operator\u00f3w lotniczych, zatwierdzonych organizacji szkoleniowych, organizacji z zakresu zapewnienia zdatno\u015bci do lotu, organizacji obs\u0142ugi technicznej, u\u017cytkownik\u00f3w statk\u00f3w powietrznych, firm handlingowych, podmiot\u00f3w zewn\u0119trznych \u015bwiadcz\u0105cych us\u0142ugi na terenie port\u00f3w lotniczych. Szkolenie ma na celu przybli\u017cenie wiedzy z zakresu: zarz\u0105dzania bezpiecze\u0144stwem w organizacji, zwi\u0119kszenia \u015bwiadomo\u015bci, budowania bezpiecznej struktury w organizacji, tworzenia [&hellip;]<\/p>\n","protected":false},"author":2,"featured_media":0,"parent":0,"menu_order":0,"comment_status":"closed","ping_status":"closed","template":"","meta":{"inline_featured_image":false,"footnotes":""},"class_list":["post-5496","page","type-page","status-publish","hentry"],"_links":{"self":[{"href":"https:\/\/aviacon.eu\/uk\/wp-json\/wp\/v2\/pages\/5496"}],"collection":[{"href":"https:\/\/aviacon.eu\/uk\/wp-json\/wp\/v2\/pages"}],"about":[{"href":"https:\/\/aviacon.eu\/uk\/wp-json\/wp\/v2\/types\/page"}],"author":[{"embeddable":true,"href":"https:\/\/aviacon.eu\/uk\/wp-json\/wp\/v2\/users\/2"}],"replies":[{"embeddable":true,"href":"https:\/\/aviacon.eu\/uk\/wp-json\/wp\/v2\/comments?post=5496"}],"version-history":[{"count":0,"href":"https:\/\/aviacon.eu\/uk\/wp-json\/wp\/v2\/pages\/5496\/revisions"}],"wp:attachment":[{"href":"https:\/\/aviacon.eu\/uk\/wp-json\/wp\/v2\/media?parent=5496"}],"curies":[{"name":"wp","href":"https:\/\/api.w.org\/{rel}","templated":true}]}}