{"id":5484,"date":"2024-01-04T07:50:46","date_gmt":"2024-01-04T06:50:46","guid":{"rendered":"https:\/\/aviacon.eu\/szkolenia-dgr\/"},"modified":"2024-01-04T07:50:46","modified_gmt":"2024-01-04T06:50:46","slug":"szkolenia-dgr","status":"publish","type":"page","link":"https:\/\/aviacon.eu\/uk\/szkolenia-dgr\/","title":{"rendered":"SZKOLENIA DGR"},"content":{"rendered":"\t\t<div data-elementor-type=\"wp-page\" data-elementor-id=\"5484\" class=\"elementor elementor-5484\" data-elementor-post-type=\"page\">\n\t\t\t\t<div class=\"elementor-element elementor-element-560d9147 e-flex e-con-boxed e-con e-parent\" data-id=\"560d9147\" data-element_type=\"container\">\n\t\t\t\t\t<div class=\"e-con-inner\">\n\t\t\t\t<div class=\"elementor-element elementor-element-49de92a7 elementor-widget elementor-widget-text-editor\" data-id=\"49de92a7\" data-element_type=\"widget\" data-widget_type=\"text-editor.default\">\n\t\t\t\t<div class=\"elementor-widget-container\">\n\t\t\t<style>\/*! elementor - v3.23.0 - 25-07-2024 *\/\n.elementor-widget-text-editor.elementor-drop-cap-view-stacked .elementor-drop-cap{background-color:#69727d;color:#fff}.elementor-widget-text-editor.elementor-drop-cap-view-framed .elementor-drop-cap{color:#69727d;border:3px solid;background-color:transparent}.elementor-widget-text-editor:not(.elementor-drop-cap-view-default) .elementor-drop-cap{margin-top:8px}.elementor-widget-text-editor:not(.elementor-drop-cap-view-default) .elementor-drop-cap-letter{width:1em;height:1em}.elementor-widget-text-editor .elementor-drop-cap{float:left;text-align:center;line-height:1;font-size:50px}.elementor-widget-text-editor .elementor-drop-cap-letter{display:inline-block}<\/style>\t\t\t\t<!-- wp:paragraph -->\n<p>Ka\u017cda osoba zaanga\u017cowana w transport lotniczy materia\u0142\u00f3w niebezpiecznych, zobowi\u0105zana jest do odbycia szkolenia DGR. &nbsp;Szkolenie sk\u0142ada si\u0119 z 15 kategorii, ka\u017cda kategoria obejmuje zagadnienia adekwatne do wykonywania okre\u015blonych obowi\u0105zk\u00f3w w organizacji.<\/p>\n<!-- \/wp:paragraph -->\n\n<!-- wp:paragraph -->\n<p>Celem szkolenia DGR jest zapoznanie uczestnik\u00f3w z aktualnymi przepisami, zasadami klasyfikacji, pakowania, magazynowania, oznakowania, za\u0142adunku i roz\u0142adunku materia\u0142\u00f3w niebezpiecznych przewo\u017conych drog\u0105 lotnicz\u0105.<\/p>\n<!-- \/wp:paragraph -->\n\n<!-- wp:paragraph -->\n<p>Aviation Consulting we wsp\u00f3\u0142pracy z Butterfly Training, przygotowa\u0142a szkolenie z zakresu DGR r\u00f3wnie\u017c w wersji e-learningowej.<\/p>\n<!-- \/wp:paragraph -->\n\n<!-- wp:paragraph -->\n<p>Chcesz otrzyma\u0107 wi\u0119cej szczeg\u00f3\u0142\u00f3w? Napisz do nas! szkolenia@aviacon.pl<\/p>\n<!-- \/wp:paragraph -->\t\t\t\t\t\t<\/div>\n\t\t\t\t<\/div>\n\t\t\t\t<div class=\"elementor-element elementor-element-1b9d246 elementor-align-left elementor-widget elementor-widget-button\" data-id=\"1b9d246\" data-element_type=\"widget\" data-widget_type=\"button.default\">\n\t\t\t\t<div class=\"elementor-widget-container\">\n\t\t\t\t\t<div class=\"elementor-button-wrapper\">\n\t\t\t<a class=\"elementor-button elementor-button-link elementor-size-xl\" href=\"https:\/\/www.butterfly-training.pl\/szkolenia-online-dangerous-goods-regulations-dgr\/\">\n\t\t\t\t\t\t<span class=\"elementor-button-content-wrapper\">\n\t\t\t\t\t\t\t\t\t<span class=\"elementor-button-text\">Szkolenia online DGR<\/span>\n\t\t\t\t\t<\/span>\n\t\t\t\t\t<\/a>\n\t\t<\/div>\n\t\t\t\t<\/div>\n\t\t\t\t<\/div>\n\t\t\t\t\t<\/div>\n\t\t\t\t<\/div>\n\t\t\t\t<\/div>\n\t\t","protected":false},"excerpt":{"rendered":"<p>Ka\u017cda osoba zaanga\u017cowana w transport lotniczy materia\u0142\u00f3w niebezpiecznych, zobowi\u0105zana jest do odbycia szkolenia DGR. &nbsp;Szkolenie sk\u0142ada si\u0119 z 15 kategorii, ka\u017cda kategoria obejmuje zagadnienia adekwatne do wykonywania okre\u015blonych obowi\u0105zk\u00f3w w organizacji. Celem szkolenia DGR jest zapoznanie uczestnik\u00f3w z aktualnymi przepisami, zasadami klasyfikacji, pakowania, magazynowania, oznakowania, za\u0142adunku i roz\u0142adunku materia\u0142\u00f3w niebezpiecznych przewo\u017conych drog\u0105 lotnicz\u0105. Aviation Consulting [&hellip;]<\/p>\n","protected":false},"author":2,"featured_media":0,"parent":0,"menu_order":0,"comment_status":"closed","ping_status":"closed","template":"","meta":{"inline_featured_image":false,"footnotes":""},"class_list":["post-5484","page","type-page","status-publish","hentry"],"_links":{"self":[{"href":"https:\/\/aviacon.eu\/uk\/wp-json\/wp\/v2\/pages\/5484"}],"collection":[{"href":"https:\/\/aviacon.eu\/uk\/wp-json\/wp\/v2\/pages"}],"about":[{"href":"https:\/\/aviacon.eu\/uk\/wp-json\/wp\/v2\/types\/page"}],"author":[{"embeddable":true,"href":"https:\/\/aviacon.eu\/uk\/wp-json\/wp\/v2\/users\/2"}],"replies":[{"embeddable":true,"href":"https:\/\/aviacon.eu\/uk\/wp-json\/wp\/v2\/comments?post=5484"}],"version-history":[{"count":0,"href":"https:\/\/aviacon.eu\/uk\/wp-json\/wp\/v2\/pages\/5484\/revisions"}],"wp:attachment":[{"href":"https:\/\/aviacon.eu\/uk\/wp-json\/wp\/v2\/media?parent=5484"}],"curies":[{"name":"wp","href":"https:\/\/api.w.org\/{rel}","templated":true}]}}