{"id":5477,"date":"2024-01-04T07:57:32","date_gmt":"2024-01-04T06:57:32","guid":{"rendered":"https:\/\/aviacon.eu\/szkolenia-dronowe\/"},"modified":"2024-01-04T07:57:32","modified_gmt":"2024-01-04T06:57:32","slug":"szkolenia-dronowe","status":"publish","type":"page","link":"https:\/\/aviacon.eu\/uk\/szkolenia-dronowe\/","title":{"rendered":"SZKOLENIA DRONOWE"},"content":{"rendered":"\n<p>Realizujemy szkolenia w kategoriach:<\/p>\n\n\n\n<p>OTWARTA: A2 SZCZEG\u00d3LNA: NSTS-01, NSTS-02, NSTS-03, NSTS-04, NSTS-05, NSTS-06, NSTS-07 U nas zdob\u0119dziesz licencje VLOS i BVLOS oraz CZ\u0141ONKA PERSONELU UAV.<\/p>\n\n\n\n<p>Uprawnienia w kategorii Otwartej pozwol\u0105 Ci wykonywa\u0107 loty tylko w zasi\u0119gu widoczno\u015bci wzrokowej pilota lub obserwatora w odleg\u0142o\u015bci nie wi\u0119kszej ni\u017c 120 metr\u00f3w od najbli\u017cszego punktu powierzchni ziemi, dronami o masie nie przekraczaj\u0105cej 25 kg. Egzamin w kat. Otwartej A2 mo\u017ce odby\u0107 si\u0119 stacjonarnie lub online pod nadzorem osoby z naszego o\u015brodka szkoleniowego.<\/p>\n\n\n\n<p>Kategoria \u201eszczeg\u00f3lna\u201d to kategoria operacji bezza\u0142ogowych system\u00f3w powietrznych, kt\u00f3ra bior\u0105c pod uwag\u0119 zwi\u0105zane z ni\u0105 ryzyko, wymaga zezwolenia w\u0142a\u015bciwego organu przed rozpocz\u0119ciem operacji. Operacje mog\u0105 by\u0107 wykonywane na podstawie opublikowanego przez ULC scenariusza standardowego (N-STS) lub w oparciu o indywidulane zezwolenie Prezesa ULC (np. loty powy\u017cej 120m nad terenem) lub certyfikat LUC.<\/p>\n","protected":false},"excerpt":{"rendered":"<p>Realizujemy szkolenia w kategoriach: OTWARTA: A2 SZCZEG\u00d3LNA: NSTS-01, NSTS-02, NSTS-03, NSTS-04, NSTS-05, NSTS-06, NSTS-07 U nas zdob\u0119dziesz licencje VLOS i BVLOS oraz CZ\u0141ONKA PERSONELU UAV. Uprawnienia w kategorii Otwartej pozwol\u0105 Ci wykonywa\u0107 loty tylko w zasi\u0119gu widoczno\u015bci wzrokowej pilota lub obserwatora w odleg\u0142o\u015bci nie wi\u0119kszej ni\u017c 120 metr\u00f3w od najbli\u017cszego punktu powierzchni ziemi, dronami o [&hellip;]<\/p>\n","protected":false},"author":2,"featured_media":0,"parent":0,"menu_order":0,"comment_status":"closed","ping_status":"closed","template":"","meta":{"inline_featured_image":false,"footnotes":""},"class_list":["post-5477","page","type-page","status-publish","hentry"],"_links":{"self":[{"href":"https:\/\/aviacon.eu\/uk\/wp-json\/wp\/v2\/pages\/5477"}],"collection":[{"href":"https:\/\/aviacon.eu\/uk\/wp-json\/wp\/v2\/pages"}],"about":[{"href":"https:\/\/aviacon.eu\/uk\/wp-json\/wp\/v2\/types\/page"}],"author":[{"embeddable":true,"href":"https:\/\/aviacon.eu\/uk\/wp-json\/wp\/v2\/users\/2"}],"replies":[{"embeddable":true,"href":"https:\/\/aviacon.eu\/uk\/wp-json\/wp\/v2\/comments?post=5477"}],"version-history":[{"count":0,"href":"https:\/\/aviacon.eu\/uk\/wp-json\/wp\/v2\/pages\/5477\/revisions"}],"wp:attachment":[{"href":"https:\/\/aviacon.eu\/uk\/wp-json\/wp\/v2\/media?parent=5477"}],"curies":[{"name":"wp","href":"https:\/\/api.w.org\/{rel}","templated":true}]}}