{"id":794,"date":"2024-01-04T07:43:27","date_gmt":"2024-01-04T06:43:27","guid":{"rendered":"https:\/\/aviacon.eu\/?page_id=794"},"modified":"2024-01-04T07:43:42","modified_gmt":"2024-01-04T06:43:42","slug":"part-m","status":"publish","type":"page","link":"https:\/\/aviacon.eu\/pl\/part-m\/","title":{"rendered":"PART M"},"content":{"rendered":"\n<p>Celem szkolenia jest dostarczenie wiedzy na temat wymaga\u0144 prawa europejskiego dla organizacji zarz\u0105dzania ci\u0105g\u0142\u0105 zdatno\u015bci\u0105 do lotu.<\/p>\n\n\n\n<p><\/p>\n\n\n\n<p>Szkolenie skierowane jest dla:<\/p>\n\n\n\n<ul class=\"wp-block-list\">\n<li>Kierownictwa organizacji<\/li>\n\n\n\n<li>Personelu po\u015bwiadczaj\u0105cego<\/li>\n\n\n\n<li>Personelu zarz\u0105dzania ci\u0105g\u0142\u0105 zdatno\u015bci\u0105 do lotu<\/li>\n<\/ul>\n\n\n\n<p>Chcesz otrzyma\u0107 wi\u0119cej szczeg\u00f3\u0142\u00f3w? Napisz do nas! szkolenia@aviacon.pl<\/p>\n","protected":false},"excerpt":{"rendered":"<p>Celem szkolenia jest dostarczenie wiedzy na temat wymaga\u0144 prawa europejskiego dla organizacji zarz\u0105dzania ci\u0105g\u0142\u0105 zdatno\u015bci\u0105 do lotu. Szkolenie skierowane jest dla: Chcesz otrzyma\u0107 wi\u0119cej szczeg\u00f3\u0142\u00f3w? Napisz do nas! szkolenia@aviacon.pl<\/p>\n","protected":false},"author":2,"featured_media":0,"parent":0,"menu_order":0,"comment_status":"closed","ping_status":"closed","template":"","meta":{"inline_featured_image":false,"footnotes":""},"class_list":["post-794","page","type-page","status-publish","hentry"],"_links":{"self":[{"href":"https:\/\/aviacon.eu\/pl\/wp-json\/wp\/v2\/pages\/794"}],"collection":[{"href":"https:\/\/aviacon.eu\/pl\/wp-json\/wp\/v2\/pages"}],"about":[{"href":"https:\/\/aviacon.eu\/pl\/wp-json\/wp\/v2\/types\/page"}],"author":[{"embeddable":true,"href":"https:\/\/aviacon.eu\/pl\/wp-json\/wp\/v2\/users\/2"}],"replies":[{"embeddable":true,"href":"https:\/\/aviacon.eu\/pl\/wp-json\/wp\/v2\/comments?post=794"}],"version-history":[{"count":2,"href":"https:\/\/aviacon.eu\/pl\/wp-json\/wp\/v2\/pages\/794\/revisions"}],"predecessor-version":[{"id":796,"href":"https:\/\/aviacon.eu\/pl\/wp-json\/wp\/v2\/pages\/794\/revisions\/796"}],"wp:attachment":[{"href":"https:\/\/aviacon.eu\/pl\/wp-json\/wp\/v2\/media?parent=794"}],"curies":[{"name":"wp","href":"https:\/\/api.w.org\/{rel}","templated":true}]}}