{"id":792,"date":"2024-01-04T07:43:02","date_gmt":"2024-01-04T06:43:02","guid":{"rendered":"https:\/\/aviacon.eu\/?page_id=792"},"modified":"2024-01-04T07:43:02","modified_gmt":"2024-01-04T06:43:02","slug":"part-147","status":"publish","type":"page","link":"https:\/\/aviacon.eu\/pl\/part-147\/","title":{"rendered":"PART 147"},"content":{"rendered":"\n<p>Celem szkolenia jest dostarczenie wiedzy z zakresu przepis\u00f3w i wymaga\u0144 dotycz\u0105cych funkcjonowania organizacji szkolenia personelu technicznego.<\/p>\n\n\n\n<p><strong>Szkolenie skierowane jest dla:<\/strong><\/p>\n\n\n\n<ul class=\"wp-block-list\">\n<li>Personelu kierowniczego organizacji<\/li>\n\n\n\n<li>Personelu po\u015bwiadczaj\u0105cego<\/li>\n\n\n\n<li>Personelu technicznego i pozosta\u0142ego personelu organizacji<\/li>\n<\/ul>\n\n\n\n<p>Chcesz otrzyma\u0107 wi\u0119cej szczeg\u00f3\u0142\u00f3w? Napisz do nas! szkolenia@aviacon.pl<\/p>\n","protected":false},"excerpt":{"rendered":"<p>Celem szkolenia jest dostarczenie wiedzy z zakresu przepis\u00f3w i wymaga\u0144 dotycz\u0105cych funkcjonowania organizacji szkolenia personelu technicznego. Szkolenie skierowane jest dla: Chcesz otrzyma\u0107 wi\u0119cej szczeg\u00f3\u0142\u00f3w? Napisz do nas! szkolenia@aviacon.pl<\/p>\n","protected":false},"author":2,"featured_media":0,"parent":0,"menu_order":0,"comment_status":"closed","ping_status":"closed","template":"","meta":{"inline_featured_image":false,"footnotes":""},"class_list":["post-792","page","type-page","status-publish","hentry"],"_links":{"self":[{"href":"https:\/\/aviacon.eu\/pl\/wp-json\/wp\/v2\/pages\/792"}],"collection":[{"href":"https:\/\/aviacon.eu\/pl\/wp-json\/wp\/v2\/pages"}],"about":[{"href":"https:\/\/aviacon.eu\/pl\/wp-json\/wp\/v2\/types\/page"}],"author":[{"embeddable":true,"href":"https:\/\/aviacon.eu\/pl\/wp-json\/wp\/v2\/users\/2"}],"replies":[{"embeddable":true,"href":"https:\/\/aviacon.eu\/pl\/wp-json\/wp\/v2\/comments?post=792"}],"version-history":[{"count":1,"href":"https:\/\/aviacon.eu\/pl\/wp-json\/wp\/v2\/pages\/792\/revisions"}],"predecessor-version":[{"id":793,"href":"https:\/\/aviacon.eu\/pl\/wp-json\/wp\/v2\/pages\/792\/revisions\/793"}],"wp:attachment":[{"href":"https:\/\/aviacon.eu\/pl\/wp-json\/wp\/v2\/media?parent=792"}],"curies":[{"name":"wp","href":"https:\/\/api.w.org\/{rel}","templated":true}]}}