{"id":789,"date":"2024-01-04T07:40:58","date_gmt":"2024-01-04T06:40:58","guid":{"rendered":"https:\/\/aviacon.eu\/?page_id=789"},"modified":"2024-01-04T07:41:21","modified_gmt":"2024-01-04T06:41:21","slug":"part-145","status":"publish","type":"page","link":"https:\/\/aviacon.eu\/pl\/part-145\/","title":{"rendered":"PART 145"},"content":{"rendered":"\n<p>Celem szkolenia jest dostarczenie wiedzy na temat wymaga\u0144 prawa europejskiego dla organizacji zajmuj\u0105cych si\u0119 obs\u0142ug\u0105 techniczn\u0105 statk\u00f3w powietrznych.<\/p>\n\n\n\n<p><\/p>\n\n\n\n<p><strong>Szkolenie skierowane jest dla:<\/strong><\/p>\n\n\n\n<ul class=\"wp-block-list\">\n<li>Kierownik\u00f3w organizacji zwi\u0105zanych z obs\u0142ug\u0105 techniczn\u0105,<\/li>\n\n\n\n<li>Mechanik\u00f3w lotniczych, in\u017cynier\u00f3w, personelu po\u015bwiadczaj\u0105cego,<\/li>\n\n\n\n<li>Personelu monitorowania jako\u015bci\/ monitorowania zgodno\u015bci<\/li>\n\n\n\n<li>Personelu obszaru zapewnienia zdatno\u015bci<\/li>\n<\/ul>\n\n\n\n<p>Aviation Consulting we wsp\u00f3\u0142pracy z Butterfly Training, przygotowa\u0142a dla Pa\u0144stwa szkolenie Part 145 r\u00f3wnie\u017c w wersji e-learningowej.<\/p>\n\n\n\n<figure class=\"wp-block-embed\"><div class=\"wp-block-embed__wrapper\">\nhttps:\/\/www.butterfly-training.pl\/\n<\/div><\/figure>\n\n\n\n<p>Chcesz otrzyma\u0107 wi\u0119cej szczeg\u00f3\u0142\u00f3w? Napisz do nas!&nbsp;<a href=\"mailto:szkolenia@aviacon.pl\">szkolenia@aviacon.pl<\/a><\/p>\n","protected":false},"excerpt":{"rendered":"<p>Celem szkolenia jest dostarczenie wiedzy na temat wymaga\u0144 prawa europejskiego dla organizacji zajmuj\u0105cych si\u0119 obs\u0142ug\u0105 techniczn\u0105 statk\u00f3w powietrznych. Szkolenie skierowane jest dla: Aviation Consulting we wsp\u00f3\u0142pracy z Butterfly Training, przygotowa\u0142a dla Pa\u0144stwa szkolenie Part 145 r\u00f3wnie\u017c w wersji e-learningowej. Chcesz otrzyma\u0107 wi\u0119cej szczeg\u00f3\u0142\u00f3w? Napisz do nas!&nbsp;szkolenia@aviacon.pl<\/p>\n","protected":false},"author":2,"featured_media":0,"parent":0,"menu_order":0,"comment_status":"closed","ping_status":"closed","template":"","meta":{"inline_featured_image":false,"footnotes":""},"class_list":["post-789","page","type-page","status-publish","hentry"],"_links":{"self":[{"href":"https:\/\/aviacon.eu\/pl\/wp-json\/wp\/v2\/pages\/789"}],"collection":[{"href":"https:\/\/aviacon.eu\/pl\/wp-json\/wp\/v2\/pages"}],"about":[{"href":"https:\/\/aviacon.eu\/pl\/wp-json\/wp\/v2\/types\/page"}],"author":[{"embeddable":true,"href":"https:\/\/aviacon.eu\/pl\/wp-json\/wp\/v2\/users\/2"}],"replies":[{"embeddable":true,"href":"https:\/\/aviacon.eu\/pl\/wp-json\/wp\/v2\/comments?post=789"}],"version-history":[{"count":2,"href":"https:\/\/aviacon.eu\/pl\/wp-json\/wp\/v2\/pages\/789\/revisions"}],"predecessor-version":[{"id":791,"href":"https:\/\/aviacon.eu\/pl\/wp-json\/wp\/v2\/pages\/789\/revisions\/791"}],"wp:attachment":[{"href":"https:\/\/aviacon.eu\/pl\/wp-json\/wp\/v2\/media?parent=789"}],"curies":[{"name":"wp","href":"https:\/\/api.w.org\/{rel}","templated":true}]}}