{"id":785,"date":"2024-01-04T07:37:42","date_gmt":"2024-01-04T06:37:42","guid":{"rendered":"https:\/\/aviacon.eu\/?page_id=785"},"modified":"2024-01-04T07:40:13","modified_gmt":"2024-01-04T06:40:13","slug":"human-factor-hfczynnik-ludzki","status":"publish","type":"page","link":"https:\/\/aviacon.eu\/pl\/human-factor-hfczynnik-ludzki\/","title":{"rendered":"HUMAN FACTOR (HF)CZYNNIK LUDZKI"},"content":{"rendered":"\n<p>Szkolenie skierowane jest dla:<\/p>\n\n\n\n<ul class=\"wp-block-list\">\n<li>Personelu kierowniczego;<\/li>\n\n\n\n<li>Personelu po\u015bwiadczaj\u0105cego, personelu pomocniczego i mechanik\u00f3w lotniczych;<\/li>\n\n\n\n<li>Personelu obs\u0142ugowego;<\/li>\n\n\n\n<li>Personelu ds. Kontroli \/ zapewnienia jako\u015bci;<\/li>\n\n\n\n<li>Pracownik\u00f3w zajmuj\u0105cych si\u0119 zagadnieniami dotycz\u0105cymi czynnik\u00f3w ludzkich;<\/li>\n\n\n\n<li>Pracownik\u00f3w dzia\u0142u zakup\u00f3w, zaopatrzenia i logistyki;<\/li>\n\n\n\n<li>Operator\u00f3w sprz\u0119tu naziemnego.<\/li>\n<\/ul>\n\n\n\n<p>Celem szkolenia jest podniesienie samo\u015bwiadomo\u015bci o w\u0142asnych ograniczeniach fizjologicznych i psychofizycznych oraz metodach zapobiegania wyst\u0119powaniu b\u0142\u0119d\u00f3w ludzkich w organizacjach lotniczych.<\/p>\n\n\n\n<p>Szkolenie odbywa si\u0119 w formie interaktywnej.<\/p>\n\n\n\n<p>Aviation Consulting we wsp\u00f3\u0142pracy z Butterfly Training, przygotowa\u0142a dla Pa\u0144stwa szkolenie Human Factors r\u00f3wnie\u017c w wersji e-learningowej.<\/p>\n\n\n\n<figure class=\"wp-block-embed\"><div class=\"wp-block-embed__wrapper\">\nhttps:\/\/www.butterfly-training.pl\/\n<\/div><\/figure>\n\n\n\n<p>Chcesz otrzyma\u0107 wi\u0119cej szczeg\u00f3\u0142\u00f3w? Napisz do nas! szkolenia@aviacon.pl<\/p>\n","protected":false},"excerpt":{"rendered":"<p>Szkolenie skierowane jest dla: Celem szkolenia jest podniesienie samo\u015bwiadomo\u015bci o w\u0142asnych ograniczeniach fizjologicznych i psychofizycznych oraz metodach zapobiegania wyst\u0119powaniu b\u0142\u0119d\u00f3w ludzkich w organizacjach lotniczych. Szkolenie odbywa si\u0119 w formie interaktywnej. Aviation Consulting we wsp\u00f3\u0142pracy z Butterfly Training, przygotowa\u0142a dla Pa\u0144stwa szkolenie Human Factors r\u00f3wnie\u017c w wersji e-learningowej. Chcesz otrzyma\u0107 wi\u0119cej szczeg\u00f3\u0142\u00f3w? Napisz do nas! szkolenia@aviacon.pl<\/p>\n","protected":false},"author":2,"featured_media":0,"parent":0,"menu_order":0,"comment_status":"closed","ping_status":"closed","template":"","meta":{"inline_featured_image":false,"footnotes":""},"class_list":["post-785","page","type-page","status-publish","hentry"],"_links":{"self":[{"href":"https:\/\/aviacon.eu\/pl\/wp-json\/wp\/v2\/pages\/785"}],"collection":[{"href":"https:\/\/aviacon.eu\/pl\/wp-json\/wp\/v2\/pages"}],"about":[{"href":"https:\/\/aviacon.eu\/pl\/wp-json\/wp\/v2\/types\/page"}],"author":[{"embeddable":true,"href":"https:\/\/aviacon.eu\/pl\/wp-json\/wp\/v2\/users\/2"}],"replies":[{"embeddable":true,"href":"https:\/\/aviacon.eu\/pl\/wp-json\/wp\/v2\/comments?post=785"}],"version-history":[{"count":2,"href":"https:\/\/aviacon.eu\/pl\/wp-json\/wp\/v2\/pages\/785\/revisions"}],"predecessor-version":[{"id":788,"href":"https:\/\/aviacon.eu\/pl\/wp-json\/wp\/v2\/pages\/785\/revisions\/788"}],"wp:attachment":[{"href":"https:\/\/aviacon.eu\/pl\/wp-json\/wp\/v2\/media?parent=785"}],"curies":[{"name":"wp","href":"https:\/\/api.w.org\/{rel}","templated":true}]}}