{"id":48,"date":"2023-12-13T07:40:03","date_gmt":"2023-12-13T06:40:03","guid":{"rendered":"https:\/\/aviacon.eu\/?page_id=48"},"modified":"2023-12-13T07:42:50","modified_gmt":"2023-12-13T06:42:50","slug":"projekt-wyrownywanie-luk-kompetencyjnych-nauczycieli-w-zawodach-zwiazanych-z-transportem-lotniczym","status":"publish","type":"page","link":"https:\/\/aviacon.eu\/pl\/projekt-wyrownywanie-luk-kompetencyjnych-nauczycieli-w-zawodach-zwiazanych-z-transportem-lotniczym\/","title":{"rendered":"PROJEKT: Wyr\u00f3wnywanie luk kompetencyjnych nauczycieli w zawodach zwi\u0105zanych z transportem lotniczym"},"content":{"rendered":"\t\t<div data-elementor-type=\"wp-page\" data-elementor-id=\"48\" class=\"elementor elementor-48\" data-elementor-post-type=\"page\">\n\t\t\t\t<div class=\"elementor-element elementor-element-446ee4b e-flex e-con-boxed e-con e-parent\" data-id=\"446ee4b\" data-element_type=\"container\">\n\t\t\t\t\t<div class=\"e-con-inner\">\n\t\t\t\t<div class=\"elementor-element elementor-element-22ad919 elementor-widget elementor-widget-text-editor\" data-id=\"22ad919\" data-element_type=\"widget\" data-widget_type=\"text-editor.default\">\n\t\t\t\t<div class=\"elementor-widget-container\">\n\t\t\t<style>\/*! elementor - v3.23.0 - 25-07-2024 *\/\n.elementor-widget-text-editor.elementor-drop-cap-view-stacked .elementor-drop-cap{background-color:#69727d;color:#fff}.elementor-widget-text-editor.elementor-drop-cap-view-framed .elementor-drop-cap{color:#69727d;border:3px solid;background-color:transparent}.elementor-widget-text-editor:not(.elementor-drop-cap-view-default) .elementor-drop-cap{margin-top:8px}.elementor-widget-text-editor:not(.elementor-drop-cap-view-default) .elementor-drop-cap-letter{width:1em;height:1em}.elementor-widget-text-editor .elementor-drop-cap{float:left;text-align:center;line-height:1;font-size:50px}.elementor-widget-text-editor .elementor-drop-cap-letter{display:inline-block}<\/style>\t\t\t\t<p><strong>CELE PROJEKTU:<\/strong><\/p><p>Kluczowym elementem projektu jest potrzeba dostosowania procesu kszta\u0142cenia do mi\u0119dzynarodowych, aktualnych wymog\u00f3w rynku pracy w przemy\u015ble lotniczym. Bez poznania i uzupe\u0142nienia obecnych luk kompetencyjnych w\u015br\u00f3d kadry szkoleniowej\/ nauczycielskiej, a w ich wyniku\u00a0 dostosowania kwalifikacji absolwent\u00f3w do wymaga\u0144 pracodawc\u00f3w, niemo\u017cliwe jest \u015bwiadczenie wysokiej jako\u015bci us\u0142ug szkole\u0144 zawodowych w przemy\u015ble lotniczym.<\/p><p>Dla zachowania dobrej jako\u015bci projektu wa\u017cne jest, aby partner projektu i organizacje szkoleniowe z nim wsp\u00f3\u0142pracuj\u0105ce pochodzi\u0142y z kraju, w kt\u00f3rym przemys\u0142 lotniczy jest dobrze rozwini\u0119ty. Jest to w\u0142a\u015bnie Hiszpania, w kt\u00f3rej stacjonuje nasz partner projektu- firma Eurpuente, w kt\u00f3rej funkcjonuje bardzo dobrze rozwini\u0119ty rynek transportu lotniczego oraz liczne aerokluby, kt\u00f3rych ze wzgl\u0119du na d\u0142u\u017cszy sezon wiosenno-letni jest wi\u0119cej ni\u017c w innych cz\u0119\u015bciach Europy.<\/p><p><strong>ZAPLANOWANE DZIA\u0141ANIA:<\/strong><\/p><ol><li>wizyty studyjne w Polsce i Hiszpanii, podczas kt\u00f3rych nast\u0105pi wymiana wiedzy i do\u015bwiadcze\u0144 mi\u0119dzy uczestnikami na temat luk kompetencyjnych w w\/w zawodach<\/li><li>szkolenia w przedsi\u0119biorstwach w Polsce i Hiszpanii zajmuj\u0105cych si\u0119 produkcj\u0105 i\/lub obs\u0142ug\u0105 statk\u00f3w powietrznych i osprz\u0119tu lotniczego w sektorze GA.<\/li><li>opracowanie materia\u0142u na temat luk kompetencyjnych nauczycieli w w\/w zawodach na rynku pracy, kt\u00f3ry zostanie udost\u0119pniony w\u0142a\u015bciwym w\u0142adzom o\u015bwiatowym w PL i ES. Opracowanie zostanie stworzone na podstawie konsultacji z pracodawcami i dyrektorami szk\u00f3\u0142 technicznych\/bran\u017cowych w PL i ES<\/li><\/ol><p>Min. 30 os\u00f3b podniesie swoje kompetencje dzi\u0119ki udzia\u0142owi w projekcie.<\/p><p>Dzia\u0142ania b\u0119d\u0105 mia\u0142y miejsce w siedzibie koordynatora, lokalnych szko\u0142ach technicznych\/bran\u017cowych oraz w firmach z bran\u017cy lotniczej.<\/p><p>W sumie dzia\u0142ania merytoryczne Polsce i Hiszpanii b\u0119d\u0105 trwa\u0142y po 10 dni roboczych i b\u0119d\u0105 obejmowa\u0107 takie zagadnienia jak:<\/p><ul><li>zapoznanie si\u0119 z konstrukcj\u0105 samolotu i rozwi\u0105zaniami konstrukcyjnymi sprawdzonymi w praktyce.<\/li><li>poznanie prac obs\u0142ugowych niezb\u0119dnych w szkoleniu do licencji mechanika.<\/li><li>zapoznanie si\u0119 z budow\u0105 i przeznaczeniem poszczeg\u00f3lnych instalacji i podzespo\u0142\u00f3w.<\/li><li>poznanie sposob\u00f3w demonta\u017cy i monta\u017cy podzespo\u0142\u00f3w i instalacji silnikowych, wymiany oleju i p\u0142ynu ch\u0142odz\u0105cego;<\/li><li>dyskusja na temat luk kompetencyjnych w\u015br\u00f3d nauczycieli w zawodach zwi\u0105zanych z transportem lotniczym.<\/li><\/ul><p><strong>REZULTATY PROJEKTU:<\/strong><\/p><ol><li>Raport ze spotkania partner\u00f3w prezentuj\u0105cy wszystkie ustalenia.<\/li><li>Raport z dzia\u0142ania \u2013 listy obecno\u015bci, om\u00f3wione tematy oraz wszelkie ustalenia.<\/li><li>Plan zarz\u0105dzania projektem.<\/li><li>Plan promocji i upowszechniania rezultat\u00f3w projektu.<\/li><li>Plan ewaluacji.<\/li><li>Metodologia badania luk kompetencyjnych w\u015br\u00f3d nauczycieli w zawodach zwi\u0105zanych z transportem lotniczym.<\/li><li>Raport z przebiegu wizyt studyjnych i szkole\u0144, zawieraj\u0105cy listy obecno\u015bci, ankiety ewaluacyjne.<\/li><\/ol><div><b>Projekt jest realizowany w ramach Erasmus+:<\/b><\/div><div><p class=\"x_MsoNormal\"><b>TYP DZIA\u0141A\u0143:<\/b>\u00a0<b>\u00a0KA210-VET \u2013 Small-scale partnerships in vocational education and training<\/b><\/p><p class=\"x_MsoNormal\"><b>NUMER ID:<\/b><b>\u00a0\u00a0KA210-VET-E8CEAA6E<\/b><\/p><p><img decoding=\"async\" class=\"size-medium wp-image-793 alignleft\" src=\"https:\/\/aviacon.eu\/wp-content\/uploads\/2023\/12\/PL-Dofinansowane-przez-UE_NEG-300x60.png\" sizes=\"(max-width: 300px) 100vw, 300px\" srcset=\"https:\/\/aviacon.eu\/wp-content\/uploads\/2023\/12\/PL-Dofinansowane-przez-UE_NEG-300x60.png 300w, https:\/\/aviacon.eu\/wp-content\/uploads\/2023\/12\/PL-Dofinansowane-przez-UE_NEG-768x154.png 768w, https:\/\/aviacon.eu\/wp-content\/uploads\/2023\/12\/PL-Dofinansowane-przez-UE_NEG.png 1000w\" alt=\"\" width=\"300\" height=\"60\" \/><\/p><\/div>\t\t\t\t\t\t<\/div>\n\t\t\t\t<\/div>\n\t\t\t\t\t<\/div>\n\t\t\t\t<\/div>\n\t\t\t\t<\/div>\n\t\t","protected":false},"excerpt":{"rendered":"<p>CELE PROJEKTU: Kluczowym elementem projektu jest potrzeba dostosowania procesu kszta\u0142cenia do mi\u0119dzynarodowych, aktualnych wymog\u00f3w rynku pracy w przemy\u015ble lotniczym. Bez poznania i uzupe\u0142nienia obecnych luk kompetencyjnych w\u015br\u00f3d kadry szkoleniowej\/ nauczycielskiej, a w ich wyniku\u00a0 dostosowania kwalifikacji absolwent\u00f3w do wymaga\u0144 pracodawc\u00f3w, niemo\u017cliwe jest \u015bwiadczenie wysokiej jako\u015bci us\u0142ug szkole\u0144 zawodowych w przemy\u015ble lotniczym. Dla zachowania dobrej jako\u015bci [&hellip;]<\/p>\n","protected":false},"author":2,"featured_media":0,"parent":0,"menu_order":0,"comment_status":"closed","ping_status":"closed","template":"","meta":{"inline_featured_image":false,"footnotes":""},"class_list":["post-48","page","type-page","status-publish","hentry"],"_links":{"self":[{"href":"https:\/\/aviacon.eu\/pl\/wp-json\/wp\/v2\/pages\/48"}],"collection":[{"href":"https:\/\/aviacon.eu\/pl\/wp-json\/wp\/v2\/pages"}],"about":[{"href":"https:\/\/aviacon.eu\/pl\/wp-json\/wp\/v2\/types\/page"}],"author":[{"embeddable":true,"href":"https:\/\/aviacon.eu\/pl\/wp-json\/wp\/v2\/users\/2"}],"replies":[{"embeddable":true,"href":"https:\/\/aviacon.eu\/pl\/wp-json\/wp\/v2\/comments?post=48"}],"version-history":[{"count":3,"href":"https:\/\/aviacon.eu\/pl\/wp-json\/wp\/v2\/pages\/48\/revisions"}],"predecessor-version":[{"id":51,"href":"https:\/\/aviacon.eu\/pl\/wp-json\/wp\/v2\/pages\/48\/revisions\/51"}],"wp:attachment":[{"href":"https:\/\/aviacon.eu\/pl\/wp-json\/wp\/v2\/media?parent=48"}],"curies":[{"name":"wp","href":"https:\/\/api.w.org\/{rel}","templated":true}]}}