{"id":42,"date":"2023-12-13T07:32:48","date_gmt":"2023-12-13T06:32:48","guid":{"rendered":"https:\/\/aviacon.eu\/?page_id=42"},"modified":"2023-12-18T09:06:15","modified_gmt":"2023-12-18T08:06:15","slug":"szkoly-zawodowe","status":"publish","type":"page","link":"https:\/\/aviacon.eu\/pl\/szkoly-zawodowe\/","title":{"rendered":"Szko\u0142y zawodowe"},"content":{"rendered":"\t\t<div data-elementor-type=\"wp-page\" data-elementor-id=\"42\" class=\"elementor elementor-42\" data-elementor-post-type=\"page\">\n\t\t\t\t<div class=\"elementor-element elementor-element-895efac e-flex e-con-boxed e-con e-parent\" data-id=\"895efac\" data-element_type=\"container\">\n\t\t\t\t\t<div class=\"e-con-inner\">\n\t\t\t\t<div class=\"elementor-element elementor-element-e24cb95 elementor-widget elementor-widget-text-editor\" data-id=\"e24cb95\" data-element_type=\"widget\" data-widget_type=\"text-editor.default\">\n\t\t\t\t<div class=\"elementor-widget-container\">\n\t\t\t<style>\/*! elementor - v3.23.0 - 25-07-2024 *\/\n.elementor-widget-text-editor.elementor-drop-cap-view-stacked .elementor-drop-cap{background-color:#69727d;color:#fff}.elementor-widget-text-editor.elementor-drop-cap-view-framed .elementor-drop-cap{color:#69727d;border:3px solid;background-color:transparent}.elementor-widget-text-editor:not(.elementor-drop-cap-view-default) .elementor-drop-cap{margin-top:8px}.elementor-widget-text-editor:not(.elementor-drop-cap-view-default) .elementor-drop-cap-letter{width:1em;height:1em}.elementor-widget-text-editor .elementor-drop-cap{float:left;text-align:center;line-height:1;font-size:50px}.elementor-widget-text-editor .elementor-drop-cap-letter{display:inline-block}<\/style>\t\t\t\t<p>Zapraszamy do wsp\u00f3\u0142pracy szko\u0142y zawodowe. Oferujemy:<\/p><ul><li>Szkolenia zawodowe dla nauczycieli<\/li><li>Organizacja sta\u017cy towarzysz\u0105cych (job shadowing) dla nauczycieli w siedzibie naszych partner\u00f3w na terenie ca\u0142ej Europy<\/li><li>Organizacja sta\u017cy i praktyk dla uczni\u00f3w i absolwent\u00f3w<\/li><li>Pomoc w przygotowaniu wniosk\u00f3w konkursowych. Lepsze kszta\u0142cenie zawodowe, odpowied\u017a na potrzeby rynku pracy, podniesienie kompetencji i zdobywanie do\u015bwiadczenia to realne korzy\u015bci dla uczni\u00f3w oraz zwi\u0119kszenie atrakcyjno\u015bci szko\u0142y.<\/li><\/ul>\t\t\t\t\t\t<\/div>\n\t\t\t\t<\/div>\n\t\t\t\t\t<\/div>\n\t\t\t\t<\/div>\n\t\t\t\t<\/div>\n\t\t","protected":false},"excerpt":{"rendered":"<p>Zapraszamy do wsp\u00f3\u0142pracy szko\u0142y zawodowe. Oferujemy: Szkolenia zawodowe dla nauczycieli Organizacja sta\u017cy towarzysz\u0105cych (job shadowing) dla nauczycieli w siedzibie naszych partner\u00f3w na terenie ca\u0142ej Europy Organizacja sta\u017cy i praktyk dla uczni\u00f3w i absolwent\u00f3w Pomoc w przygotowaniu wniosk\u00f3w konkursowych. Lepsze kszta\u0142cenie zawodowe, odpowied\u017a na potrzeby rynku pracy, podniesienie kompetencji i zdobywanie do\u015bwiadczenia to realne korzy\u015bci dla [&hellip;]<\/p>\n","protected":false},"author":2,"featured_media":0,"parent":0,"menu_order":0,"comment_status":"closed","ping_status":"closed","template":"","meta":{"inline_featured_image":false,"footnotes":""},"class_list":["post-42","page","type-page","status-publish","hentry"],"_links":{"self":[{"href":"https:\/\/aviacon.eu\/pl\/wp-json\/wp\/v2\/pages\/42"}],"collection":[{"href":"https:\/\/aviacon.eu\/pl\/wp-json\/wp\/v2\/pages"}],"about":[{"href":"https:\/\/aviacon.eu\/pl\/wp-json\/wp\/v2\/types\/page"}],"author":[{"embeddable":true,"href":"https:\/\/aviacon.eu\/pl\/wp-json\/wp\/v2\/users\/2"}],"replies":[{"embeddable":true,"href":"https:\/\/aviacon.eu\/pl\/wp-json\/wp\/v2\/comments?post=42"}],"version-history":[{"count":7,"href":"https:\/\/aviacon.eu\/pl\/wp-json\/wp\/v2\/pages\/42\/revisions"}],"predecessor-version":[{"id":488,"href":"https:\/\/aviacon.eu\/pl\/wp-json\/wp\/v2\/pages\/42\/revisions\/488"}],"wp:attachment":[{"href":"https:\/\/aviacon.eu\/pl\/wp-json\/wp\/v2\/media?parent=42"}],"curies":[{"name":"wp","href":"https:\/\/api.w.org\/{rel}","templated":true}]}}