{"id":31,"date":"2023-12-13T07:24:22","date_gmt":"2023-12-13T06:24:22","guid":{"rendered":"https:\/\/aviacon.eu\/?page_id=31"},"modified":"2023-12-19T12:17:20","modified_gmt":"2023-12-19T11:17:20","slug":"erasmus","status":"publish","type":"page","link":"https:\/\/aviacon.eu\/pl\/erasmus\/","title":{"rendered":"Erasmus +"},"content":{"rendered":"<p>Od 15 lat wsp\u00f3\u0142pracujemy z instytucjami dzia\u0142aj\u0105cymi w bran\u017cy lotniczej, transportowej i turystycznej w ca\u0142ej Europie. Je\u017celi chcia\u0142by\u015b odby\u0107 ciekawy sta\u017c zapraszamy do kontaktu. Organizujemy mobilno\u015bci grupowe dla szk\u00f3\u0142 oraz dla os\u00f3b indywidualnych. Oferujemy:<\/p>\n<ul>\n<li>Pomoc w opracowaniu wniosku<\/li>\n<li>Organizacja wizyt przygotowawczych<\/li>\n<li>Organizacja praktyk i sta\u017cy<\/li>\n<li>Zakwaterowanie<\/li>\n<li>Wy\u017cywienie<\/li>\n<li>Transport<\/li>\n<\/ul>\n<p>Skontaktuj si\u0119 z nami, aby om\u00f3wi\u0107 swoje potrzeby.<\/p>\n","protected":false},"excerpt":{"rendered":"<p>Od 15 lat wsp\u00f3\u0142pracujemy z instytucjami dzia\u0142aj\u0105cymi w bran\u017cy lotniczej, transportowej i turystycznej w ca\u0142ej Europie. Je\u017celi chcia\u0142by\u015b odby\u0107 ciekawy sta\u017c zapraszamy do kontaktu. Organizujemy mobilno\u015bci grupowe dla szk\u00f3\u0142 oraz dla os\u00f3b indywidualnych. Oferujemy: Pomoc w opracowaniu wniosku Organizacja wizyt przygotowawczych Organizacja praktyk i sta\u017cy Zakwaterowanie Wy\u017cywienie Transport Skontaktuj si\u0119 z nami, aby om\u00f3wi\u0107 swoje [&hellip;]<\/p>\n","protected":false},"author":2,"featured_media":0,"parent":0,"menu_order":0,"comment_status":"closed","ping_status":"closed","template":"","meta":{"inline_featured_image":false,"footnotes":""},"class_list":["post-31","page","type-page","status-publish","hentry"],"_links":{"self":[{"href":"https:\/\/aviacon.eu\/pl\/wp-json\/wp\/v2\/pages\/31"}],"collection":[{"href":"https:\/\/aviacon.eu\/pl\/wp-json\/wp\/v2\/pages"}],"about":[{"href":"https:\/\/aviacon.eu\/pl\/wp-json\/wp\/v2\/types\/page"}],"author":[{"embeddable":true,"href":"https:\/\/aviacon.eu\/pl\/wp-json\/wp\/v2\/users\/2"}],"replies":[{"embeddable":true,"href":"https:\/\/aviacon.eu\/pl\/wp-json\/wp\/v2\/comments?post=31"}],"version-history":[{"count":18,"href":"https:\/\/aviacon.eu\/pl\/wp-json\/wp\/v2\/pages\/31\/revisions"}],"predecessor-version":[{"id":626,"href":"https:\/\/aviacon.eu\/pl\/wp-json\/wp\/v2\/pages\/31\/revisions\/626"}],"wp:attachment":[{"href":"https:\/\/aviacon.eu\/pl\/wp-json\/wp\/v2\/media?parent=31"}],"curies":[{"name":"wp","href":"https:\/\/api.w.org\/{rel}","templated":true}]}}