{"id":1910,"date":"2023-12-28T09:24:26","date_gmt":"2023-12-28T08:24:26","guid":{"rendered":"https:\/\/aviacon.eu\/strefa-pracownika\/"},"modified":"2024-01-11T13:41:42","modified_gmt":"2024-01-11T12:41:42","slug":"for-employee","status":"publish","type":"page","link":"https:\/\/aviacon.eu\/pl\/job-agency\/for-employee\/","title":{"rendered":"FOR EMPLOYEE"},"content":{"rendered":"\t\t<div data-elementor-type=\"wp-page\" data-elementor-id=\"1910\" class=\"elementor elementor-1910\" data-elementor-post-type=\"page\">\n\t\t\t\t<div class=\"elementor-element elementor-element-dd493d9 e-flex e-con-boxed e-con e-parent\" data-id=\"dd493d9\" data-element_type=\"container\" data-settings=\"{&quot;background_background&quot;:&quot;classic&quot;}\">\n\t\t\t\t\t<div class=\"e-con-inner\">\n\t\t\t\t<div class=\"elementor-element elementor-element-53fad32 elementor-widget elementor-widget-elementskit-contact-form7\" data-id=\"53fad32\" data-element_type=\"widget\" data-widget_type=\"elementskit-contact-form7.default\">\n\t\t\t\t<div class=\"elementor-widget-container\">\n\t\t\t<div class=\"ekit-wid-con\" ><div class=\"ekit-form\"><p class=\"wpcf7-contact-form-not-found\"><strong>B\u0142\u0105d:<\/strong> Brak formularza kontaktowego.<\/p><\/div><\/div>\t\t<\/div>\n\t\t\t\t<\/div>\n\t\t\t\t\t<\/div>\n\t\t\t\t<\/div>\n\t\t\t\t<\/div>\n\t\t","protected":false},"excerpt":{"rendered":"<p>Klikaj\u0105c w przycisk wy\u015blij lub w inny spos\u00f3b wysy\u0142aj\u0105c zg\u0142oszenie rekrutacyjne zgadzasz si\u0119 na przetwarzanie Twoich danych osobowych. Informujemy, \u017ce Administratorem Pani\/Pana danych osobowych jest Aviacon-V Sp. z o.o. z siedzib\u0105 w Lublinie przy ul. Ceramicznej 1 lok. 3\/04. W ka\u017cdym czasie mo\u017cesz cofn\u0105\u0107 zgod\u0119 kontaktuj\u0105c si\u0119 z nami pod adresem e-mail: work@aviacon.eu Pe\u0142n\u0105 informacj\u0119 [&hellip;]<\/p>\n","protected":false},"author":2,"featured_media":0,"parent":1917,"menu_order":0,"comment_status":"closed","ping_status":"closed","template":"","meta":{"inline_featured_image":false,"footnotes":""},"class_list":["post-1910","page","type-page","status-publish","hentry"],"_links":{"self":[{"href":"https:\/\/aviacon.eu\/pl\/wp-json\/wp\/v2\/pages\/1910"}],"collection":[{"href":"https:\/\/aviacon.eu\/pl\/wp-json\/wp\/v2\/pages"}],"about":[{"href":"https:\/\/aviacon.eu\/pl\/wp-json\/wp\/v2\/types\/page"}],"author":[{"embeddable":true,"href":"https:\/\/aviacon.eu\/pl\/wp-json\/wp\/v2\/users\/2"}],"replies":[{"embeddable":true,"href":"https:\/\/aviacon.eu\/pl\/wp-json\/wp\/v2\/comments?post=1910"}],"version-history":[{"count":1,"href":"https:\/\/aviacon.eu\/pl\/wp-json\/wp\/v2\/pages\/1910\/revisions"}],"predecessor-version":[{"id":2111,"href":"https:\/\/aviacon.eu\/pl\/wp-json\/wp\/v2\/pages\/1910\/revisions\/2111"}],"up":[{"embeddable":true,"href":"https:\/\/aviacon.eu\/pl\/wp-json\/wp\/v2\/pages\/1917"}],"wp:attachment":[{"href":"https:\/\/aviacon.eu\/pl\/wp-json\/wp\/v2\/media?parent=1910"}],"curies":[{"name":"wp","href":"https:\/\/api.w.org\/{rel}","templated":true}]}}